{"id":97,"date":"2019-05-01T15:27:28","date_gmt":"2019-05-01T15:27:28","guid":{"rendered":"http:\/\/doma-t.de\/?page_id=97"},"modified":"2023-11-14T17:20:16","modified_gmt":"2023-11-14T17:20:16","slug":"unternehmen","status":"publish","type":"page","link":"https:\/\/doma-t.de\/es_ES\/unternehmen\/","title":{"rendered":"Acerca de nosotros"},"content":{"rendered":"<div class=\"wpb-content-wrapper\">[mk_page_section bg_image=&#8221;http:\/\/doma-t.de\/wp-content\/uploads\/2019\/05\/2342v3.jpg&#8221; bg_position=&#8221;center bottom&#8221; bg_stretch=&#8221;true&#8221; video_color_mask=&#8221;rgba(0,0,0,0.6)&#8221; video_opacity=&#8221;1&#8243; padding_top=&#8221;90&#8243; padding_bottom=&#8221;90&#8243; sidebar=&#8221;sidebar-1&#8243;][vc_column][vc_column_text css=&#8221;.vc_custom_1614004529028{margin-bottom: 0px !important;}&#8221;]\n<h1 style=\"text-align: center; color: #fff; font-weight: 800; font-size: 55px;\">DOMA \u2013 Fabricantes de m\u00e1quinas cortadoras de queso y de frutas<\/h1>\n[\/vc_column_text][\/vc_column][\/mk_page_section][mk_page_section padding_top=&#8221;70&#8243; padding_bottom=&#8221;70&#8243; sidebar=&#8221;sidebar-1&#8243;][vc_column][vc_row_inner][vc_column_inner width=&#8221;1\/2&#8243;][vc_single_image image=&#8221;8&#8243; img_size=&#8221;full&#8221;][\/vc_column_inner][vc_column_inner width=&#8221;1\/2&#8243;][vc_column_text css=&#8221;.vc_custom_1614004553551{margin-bottom: 0px !important;}&#8221;]\n<h2 style=\"text-align: left; color: #222; font-size: 42px;\">Nuestra empresa<\/h2>\n[\/vc_column_text][vc_separator color=&#8221;custom&#8221; align=&#8221;align_left&#8221; border_width=&#8221;2&#8243; el_width=&#8221;10&#8243; accent_color=&#8221;#da251d&#8221;][vc_column_text css=&#8221;.vc_custom_1614004572544{margin-bottom: 0px !important;}&#8221;]Fundada en 1974, DOMA GmbH fabrica y suministra una variedad de m\u00e1quinas de grado comercial para la preparaci\u00f3n, presentaci\u00f3n y empacado de alimentos. Establecidos en la ciudad hist\u00f3rica de Coblenza, en Alemania, orgullosamente seguimos siendo una empresa familiar, con una devoci\u00f3n inquebrantable por la calidad y el compromiso de mantener los est\u00e1ndares m\u00e1s altos de calidad de servicio al cliente.[\/vc_column_text][\/vc_column_inner][\/vc_row_inner][vc_row_inner][vc_column_inner width=&#8221;1\/2&#8243;][vc_single_image image=&#8221;883&#8243; img_size=&#8221;full&#8221;][\/vc_column_inner][vc_column_inner width=&#8221;1\/2&#8243;][vc_column_text css=&#8221;.vc_custom_1614004588746{margin-bottom: 0px !important;}&#8221;]\n<h2 style=\"text-align: left; color: #222; font-size: 42px;\">Nuestros clientes<\/h2>\n[\/vc_column_text][vc_separator color=&#8221;custom&#8221; align=&#8221;align_left&#8221; border_width=&#8221;2&#8243; el_width=&#8221;10&#8243; accent_color=&#8221;#da251d&#8221;][vc_column_text css=&#8221;.vc_custom_1614004601860{margin-bottom: 0px !important;}&#8221;]Abastecemos a una amplia variedad de empresas \u2013 grandes y peque\u00f1as \u2013 en toda Alemania, Europa, y el resto del mundo. Trabajando de la mano con empresas l\u00edderes de transporte en Alemania, podemos enviar nuestros productos a todos los rincones del mundo.<br \/>\nNuestros clientes van desde supermercados hasta charcuter\u00edas independientes, desde tiendas hasta comerciantes. Lo que caracteriza a nuestros clientes es la necesidad de tener equipos duraderos y de alto rendimiento \u2013 y eso es exactamente lo que producimos en DOMA.[\/vc_column_text][\/vc_column_inner][\/vc_row_inner][\/vc_column][\/mk_page_section][mk_page_section bg_color=&#8221;#f7f7f7&#8243; padding_top=&#8221;50&#8243; padding_bottom=&#8221;50&#8243; sidebar=&#8221;sidebar-1&#8243;][vc_column][vc_column_text css=&#8221;.vc_custom_1614004628377{margin-bottom: 0px !important;}&#8221;]\n<h2 style=\"text-align: center; color: #222; font-size: 40px;\">Nuestros productos<\/h2>\n<p style=\"text-align: center;\">Se nos reconoce por fabricar m\u00e1quinas cortadoras de queso, pero tambi\u00e9n por fabricar cortadoras de frutas, ralladoras y mezcladoras de queso, y empacadoras adecuadas para quesos, frutas y carnes.<\/p>\n<p style=\"text-align: center;\">En esta era en donde la mayor\u00eda de las m\u00e1quinas se fabrican para descomponerse al corto tiempo, nosotros las construimos para que duren. Utilizamos materiales de alta calidad, as\u00ed como un proceso riguroso de fabricaci\u00f3n. \u00a1Nos enorgullecemos de decir que muchas de las m\u00e1quinas fabricadas por DOMA en los a\u00f1os 80 siguen operativas hoy en d\u00eda!<\/p>\n[\/vc_column_text][vc_separator color=&#8221;custom&#8221; border_width=&#8221;2&#8243; el_width=&#8221;10&#8243; accent_color=&#8221;#da251d&#8221;][mk_padding_divider size=&#8221;30&#8243;][vc_row_inner][vc_column_inner el_class=&#8221;boxm&#8221; width=&#8221;1\/4&#8243;][vc_single_image image=&#8221;989&#8243; img_size=&#8221;full&#8221;][vc_column_text css=&#8221;.vc_custom_1614004787275{margin-bottom: 0px !important;}&#8221;]\n<h4 style=\"text-align: left; color: #222; font-size: 17px;\">CORTADORAS DE QUESO<\/h4>\n[\/vc_column_text][mk_padding_divider size=&#8221;5&#8243;][mk_button dimension=&#8221;flat&#8221; corner_style=&#8221;rounded&#8221; url=&#8221;https:\/\/doma-t.de\/es_ES\/kaseteilmaschinen\/&#8221; bg_color=&#8221;#da251d&#8221; btn_hover_bg=&#8221;#212121&#8243; btn_hover_txt_color=&#8221;#ffffff&#8221;]M\u00c1S INFORMACI\u00d3N [\/mk_button][mk_padding_divider size=&#8221;10&#8243;][\/vc_column_inner][vc_column_inner el_class=&#8221;boxm&#8221; width=&#8221;1\/4&#8243;][vc_single_image image=&#8221;88&#8243; img_size=&#8221;full&#8221;][vc_column_text css=&#8221;.vc_custom_1614004795502{margin-bottom: 0px !important;}&#8221;]\n<h4 style=\"text-align: left; color: #222; font-size: 17px;\">RALLADORAS DE QUESO<\/h4>\n[\/vc_column_text][mk_padding_divider size=&#8221;5&#8243;][mk_button dimension=&#8221;flat&#8221; corner_style=&#8221;rounded&#8221; url=&#8221;https:\/\/doma-t.de\/es_ES\/kasereiben\/&#8221; bg_color=&#8221;#da251d&#8221; btn_hover_bg=&#8221;#212121&#8243; btn_hover_txt_color=&#8221;#ffffff&#8221;]M\u00c1S INFORMACI\u00d3N [\/mk_button][mk_padding_divider size=&#8221;10&#8243;][\/vc_column_inner][vc_column_inner el_class=&#8221;boxm&#8221; width=&#8221;1\/4&#8243;][vc_single_image image=&#8221;155&#8243; img_size=&#8221;full&#8221;][vc_column_text css=&#8221;.vc_custom_1669975842782{margin-bottom: 0px !important;}&#8221;]\n<h4>MEZCLADORAS DE QUESO<\/h4>\n[\/vc_column_text][mk_padding_divider size=&#8221;5&#8243;][mk_button dimension=&#8221;flat&#8221; corner_style=&#8221;rounded&#8221; url=&#8221;https:\/\/doma-t.de\/es_ES\/ruhrmaschinen\/&#8221; bg_color=&#8221;#da251d&#8221; btn_hover_bg=&#8221;#212121&#8243; btn_hover_txt_color=&#8221;#ffffff&#8221;]M\u00c1S INFORMACI\u00d3N [\/mk_button][mk_padding_divider size=&#8221;10&#8243;][\/vc_column_inner][vc_column_inner el_class=&#8221;boxm&#8221; width=&#8221;1\/4&#8243;][vc_single_image image=&#8221;233&#8243; img_size=&#8221;full&#8221;][vc_column_text css=&#8221;.vc_custom_1614004806722{margin-bottom: 0px !important;}&#8221;]\n<h4 style=\"text-align: left; color: #222; font-size: 17px;\">CORTADORAS DE FRUTAS<\/h4>\n[\/vc_column_text][mk_padding_divider size=&#8221;5&#8243;][mk_button dimension=&#8221;flat&#8221; corner_style=&#8221;rounded&#8221; url=&#8221;https:\/\/doma-t.de\/es_ES\/fruchtteilmaschinen\/&#8221; bg_color=&#8221;#da251d&#8221; btn_hover_bg=&#8221;#212121&#8243; btn_hover_txt_color=&#8221;#ffffff&#8221;]M\u00c1S INFORMACI\u00d3N [\/mk_button][mk_padding_divider size=&#8221;10&#8243;][\/vc_column_inner][\/vc_row_inner][\/vc_column][\/mk_page_section][mk_page_section bg_image=&#8221;http:\/\/doma-t.de\/wp-content\/uploads\/2019\/05\/2342v3.jpg&#8221; bg_position=&#8221;center center&#8221; bg_stretch=&#8221;true&#8221; video_color_mask=&#8221;rgba(218,37,29,0.95)&#8221; video_opacity=&#8221;1&#8243; padding_top=&#8221;70&#8243; padding_bottom=&#8221;70&#8243; sidebar=&#8221;sidebar-1&#8243;][vc_column][vc_column_text css=&#8221;.vc_custom_1614004689370{margin-bottom: 0px !important;}&#8221;]\n<h2 style=\"text-align: center; color: #fff; font-size: 55px;\">Solicite una cotizaci\u00f3n<\/h2>\n[\/vc_column_text][vc_separator color=&#8221;custom&#8221; border_width=&#8221;2&#8243; el_width=&#8221;10&#8243; accent_color=&#8221;rgba(255,255,255,0.43)&#8221;][mk_button dimension=&#8221;outline&#8221; corner_style=&#8221;rounded&#8221; size=&#8221;large&#8221; url=&#8221;http:\/\/doma-t.de\/kontakt&#8221; align=&#8221;center&#8221; outline_skin=&#8221;light&#8221;]Cont\u00e1ctenos[\/mk_button][\/vc_column][\/mk_page_section]\n<\/div>","protected":false},"excerpt":{"rendered":"<p>[mk_page_section bg_image=&#8221;http:\/\/doma-t.de\/wp-content\/uploads\/2019\/05\/2342v3.jpg&#8221; bg_position=&#8221;center bottom&#8221; bg_stretch=&#8221;true&#8221; video_color_mask=&#8221;rgba(0,0,0,0.6)&#8221; video_opacity=&#8221;1&#8243; padding_top=&#8221;90&#8243; padding_bottom=&#8221;90&#8243; sidebar=&#8221;sidebar-1&#8243;][vc_column]&#8230;<\/p>\n","protected":false},"author":1,"featured_media":0,"parent":0,"menu_order":0,"comment_status":"closed","ping_status":"closed","template":"","meta":{"footnotes":"","_links_to":"","_links_to_target":""},"_links":{"self":[{"href":"https:\/\/doma-t.de\/es_ES\/wp-json\/wp\/v2\/pages\/97"}],"collection":[{"href":"https:\/\/doma-t.de\/es_ES\/wp-json\/wp\/v2\/pages"}],"about":[{"href":"https:\/\/doma-t.de\/es_ES\/wp-json\/wp\/v2\/types\/page"}],"author":[{"embeddable":true,"href":"https:\/\/doma-t.de\/es_ES\/wp-json\/wp\/v2\/users\/1"}],"replies":[{"embeddable":true,"href":"https:\/\/doma-t.de\/es_ES\/wp-json\/wp\/v2\/comments?post=97"}],"version-history":[{"count":105,"href":"https:\/\/doma-t.de\/es_ES\/wp-json\/wp\/v2\/pages\/97\/revisions"}],"predecessor-version":[{"id":1485,"href":"https:\/\/doma-t.de\/es_ES\/wp-json\/wp\/v2\/pages\/97\/revisions\/1485"}],"wp:attachment":[{"href":"https:\/\/doma-t.de\/es_ES\/wp-json\/wp\/v2\/media?parent=97"}],"curies":[{"name":"wp","href":"https:\/\/api.w.org\/{rel}","templated":true}]}}