{"id":78,"date":"2019-05-01T14:48:31","date_gmt":"2019-05-01T14:48:31","guid":{"rendered":"http:\/\/doma-t.de\/?page_id=78"},"modified":"2022-12-02T15:45:01","modified_gmt":"2022-12-02T15:45:01","slug":"fruchtteilmaschinen","status":"publish","type":"page","link":"https:\/\/doma-t.de\/es_ES\/fruchtteilmaschinen\/","title":{"rendered":"CORTADO DE FRUTAS"},"content":{"rendered":"<div class=\"wpb-content-wrapper\">[mk_page_section bg_image=&#8221;https:\/\/doma-t.de\/wp-content\/uploads\/2022\/11\/vorfuhrung-04-2016-7-scaled.jpg&#8221; bg_position=&#8221;center center&#8221; video_color_mask=&#8221;rgba(0,0,0,0.6)&#8221; video_opacity=&#8221;1&#8243; padding_top=&#8221;150&#8243; padding_bottom=&#8221;150&#8243; el_class=&#8221;mobbg&#8221; sidebar=&#8221;sidebar-1&#8243;][vc_column][vc_column_text css=&#8221;.vc_custom_1614007465265{margin-bottom: 0px !important;}&#8221;]\n<h1 style=\"text-align: center; color: #fff; font-weight: 800; font-size: 60px;\">CORTADORA DE SAND\u00cdAS<br \/>\nMODELO MELOMA-T<\/h1>\n[\/vc_column_text][vc_column_text css=&#8221;.vc_custom_1614007541705{margin-bottom: 0px !important;}&#8221;]\n<p style=\"text-align: center; color: #fff; font-size: 24px;\">FAST| FRESH | SAFE<\/p>\n[\/vc_column_text][mk_padding_divider size=&#8221;10&#8243;][vc_separator color=&#8221;custom&#8221; border_width=&#8221;2&#8243; el_width=&#8221;10&#8243; accent_color=&#8221;rgba(255,255,255,0.5)&#8221;][\/vc_column][\/mk_page_section][mk_page_section padding_top=&#8221;90&#8243; padding_bottom=&#8221;90&#8243; el_class=&#8221;mobbg2&#8243; sidebar=&#8221;sidebar-1&#8243;][vc_column width=&#8221;1\/2&#8243;][mk_image_slideshow images=&#8221;236,235,82&#8243; image_width=&#8221;555&#8243; image_height=&#8221;673&#8243; slideshow_speed=&#8221;2000&#8243;][vc_raw_html]JTNDaWZyYW1lJTIwd2lkdGglM0QlMjI1NTUlMjIlMjBoZWlnaHQlM0QlMjIzMTUlMjIlMjBzcmMlM0QlMjJodHRwcyUzQSUyRiUyRnd3dy55b3V0dWJlLW5vY29va2llLmNvbSUyRmVtYmVkJTJGbm9SVzA1VXM3dkUlMjIlMjB0aXRsZSUzRCUyMllvdVR1YmUlMjB2aWRlbyUyMHBsYXllciUyMiUyMGZyYW1lYm9yZGVyJTNEJTIyMCUyMiUyMGFsbG93JTNEJTIyYWNjZWxlcm9tZXRlciUzQiUyMGF1dG9wbGF5JTNCJTIwY2xpcGJvYXJkLXdyaXRlJTNCJTIwZW5jcnlwdGVkLW1lZGlhJTNCJTIwZ3lyb3Njb3BlJTNCJTIwcGljdHVyZS1pbi1waWN0dXJlJTIyJTIwYWxsb3dmdWxsc2NyZWVuJTNFJTNDJTJGaWZyYW1lJTNF[\/vc_raw_html][\/vc_column][vc_column width=&#8221;1\/2&#8243;][vc_column_text css=&#8221;.vc_custom_1614007850123{margin-bottom: 0px !important;}&#8221;]\n<h3 style=\"text-align: left; color: #222; font-size: 33px;\">CORTADORA DE SAND\u00cdAS<br \/>\nMODELO MELOMA-T<\/h3>\n[\/vc_column_text][vc_separator color=&#8221;custom&#8221; align=&#8221;align_left&#8221; border_width=&#8221;2&#8243; el_width=&#8221;10&#8243; accent_color=&#8221;#da251d&#8221;][vc_row_inner el_class=&#8221;listme&#8221;][vc_column_inner width=&#8221;1\/2&#8243;][vc_column_text css=&#8221;.vc_custom_1614007895392{margin-bottom: 0px !important;}&#8221;]\n<ul>\n<li>Para cortar sand\u00edas enteras en trozos pr\u00e1cticos, listos para la venta y sin desperdicio<\/li>\n<li>Trozos listos para buf\u00e9 y mostradores<\/li>\n<li>Manejo f\u00e1cil y seguro con botones<\/li>\n<li>Funcionamiento potente<\/li>\n<li>Accesorio especial disponible para pelado de pi\u00f1as y retirado del tallo<\/li>\n<li>Corte liso sin \u201caplastar\u201d las frutas<\/li>\n<li>Recolecci\u00f3n pr\u00e1ctica de los trozos \u2013 sin cubierta obstaculizadora<\/li>\n<li>Desarmado f\u00e1cil de las superficies de contacto, lo que permite limpiar de forma higi\u00e9nica y sencilla<\/li>\n<\/ul>\n[\/vc_column_text][\/vc_column_inner][vc_column_inner width=&#8221;1\/2&#8243;][vc_column_text css=&#8221;.vc_custom_1614007905817{margin-bottom: 0px !important;}&#8221;]\n<ul>\n<li>Tres juegos de cuchillos disponibles para distintas divisiones de las frutas<\/li>\n<li>Cambio r\u00e1pido y seguro de los cuchillos<\/li>\n<li>Certificaci\u00f3n CE<\/li>\n<li>Soporte de sistema disponible con m\u00e1quina de empacado y bandeja de presentaci\u00f3n para una presentaci\u00f3n adecuada<\/li>\n<li>Disponibilidad de cuchillos personalizados hechos a mano<\/li>\n<\/ul>\n[\/vc_column_text][\/vc_column_inner][\/vc_row_inner][mk_padding_divider size=&#8221;25&#8243;][mk_button dimension=&#8221;flat&#8221; corner_style=&#8221;rounded&#8221; size=&#8221;medium&#8221; icon=&#8221;mk-moon-download-2&#8243; icon_anim=&#8221;vertical&#8221; url=&#8221;https:\/\/www.doma-t.de\/assets\/melonenteilmaschine-modell-meloma-t.pdf&#8221; target=&#8221;_blank&#8221; bg_color=&#8221;#da251d&#8221; btn_hover_bg=&#8221;#212121&#8243; btn_hover_txt_color=&#8221;#ffffff&#8221;]FICHA T\u00c9CNICA[\/mk_button][\/vc_column][\/mk_page_section][mk_page_section bg_image=&#8221;http:\/\/doma-t.de\/wp-content\/uploads\/2019\/05\/2342v3.jpg&#8221; bg_position=&#8221;center center&#8221; bg_stretch=&#8221;true&#8221; video_color_mask=&#8221;rgba(218,37,29,0.95)&#8221; video_opacity=&#8221;1&#8243; padding_top=&#8221;70&#8243; padding_bottom=&#8221;70&#8243; sidebar=&#8221;sidebar-1&#8243;][vc_column][vc_column_text css=&#8221;.vc_custom_1614007963204{margin-bottom: 0px !important;}&#8221;]\n<h2 style=\"text-align: center; color: #fff; font-size: 55px;\">Solicite una cotizaci\u00f3n<\/h2>\n[\/vc_column_text][vc_separator color=&#8221;custom&#8221; border_width=&#8221;2&#8243; el_width=&#8221;10&#8243; accent_color=&#8221;rgba(255,255,255,0.43)&#8221;][mk_button dimension=&#8221;outline&#8221; corner_style=&#8221;rounded&#8221; size=&#8221;large&#8221; url=&#8221;http:\/\/doma-t.de\/kontakt&#8221; align=&#8221;center&#8221; outline_skin=&#8221;light&#8221;]CONT\u00c1CTENOS[\/mk_button][\/vc_column][\/mk_page_section]\n<\/div>","protected":false},"excerpt":{"rendered":"<p>[mk_page_section bg_image=&#8221;https:\/\/doma-t.de\/wp-content\/uploads\/2022\/11\/vorfuhrung-04-2016-7-scaled.jpg&#8221; bg_position=&#8221;center center&#8221; video_color_mask=&#8221;rgba(0,0,0,0.6)&#8221; video_opacity=&#8221;1&#8243; padding_top=&#8221;150&#8243; padding_bottom=&#8221;150&#8243; el_class=&#8221;mobbg&#8221; sideb&#8230;<\/p>\n","protected":false},"author":1,"featured_media":0,"parent":0,"menu_order":0,"comment_status":"closed","ping_status":"closed","template":"","meta":{"footnotes":"","_links_to":"","_links_to_target":""},"_links":{"self":[{"href":"https:\/\/doma-t.de\/es_ES\/wp-json\/wp\/v2\/pages\/78"}],"collection":[{"href":"https:\/\/doma-t.de\/es_ES\/wp-json\/wp\/v2\/pages"}],"about":[{"href":"https:\/\/doma-t.de\/es_ES\/wp-json\/wp\/v2\/types\/page"}],"author":[{"embeddable":true,"href":"https:\/\/doma-t.de\/es_ES\/wp-json\/wp\/v2\/users\/1"}],"replies":[{"embeddable":true,"href":"https:\/\/doma-t.de\/es_ES\/wp-json\/wp\/v2\/comments?post=78"}],"version-history":[{"count":70,"href":"https:\/\/doma-t.de\/es_ES\/wp-json\/wp\/v2\/pages\/78\/revisions"}],"predecessor-version":[{"id":1363,"href":"https:\/\/doma-t.de\/es_ES\/wp-json\/wp\/v2\/pages\/78\/revisions\/1363"}],"wp:attachment":[{"href":"https:\/\/doma-t.de\/es_ES\/wp-json\/wp\/v2\/media?parent=78"}],"curies":[{"name":"wp","href":"https:\/\/api.w.org\/{rel}","templated":true}]}}