{"id":7,"date":"2019-05-01T12:02:55","date_gmt":"2019-05-01T12:02:55","guid":{"rendered":"http:\/\/doma-t.de\/?page_id=7"},"modified":"2023-11-14T13:55:33","modified_gmt":"2023-11-14T13:55:33","slug":"startseite","status":"publish","type":"page","link":"https:\/\/doma-t.de\/es_ES\/","title":{"rendered":"P\u00e1gina de inicio"},"content":{"rendered":"<div class=\"wpb-content-wrapper\">[mk_page_section bg_image=&#8221;https:\/\/doma-t.de\/wp-content\/uploads\/2022\/03\/36-teile-scaled.jpg&#8221; bg_position=&#8221;center center&#8221; video_color_mask=&#8221;rgba(0,0,0,0.6)&#8221; video_opacity=&#8221;1&#8243; padding_top=&#8221;170&#8243; padding_bottom=&#8221;180&#8243; el_class=&#8221;mobbak&#8221; sidebar=&#8221;sidebar-1&#8243;][vc_column][vc_column_text css=&#8221;.vc_custom_1614003695758{margin-bottom: 0px !important;}&#8221;]\n<h1 style=\"text-align: center; color: #fff; font-weight: 800; font-size: 60px;\">Cortadoras de queso o de frutas de uso comercial<\/h1>\n[\/vc_column_text][vc_column_text css=&#8221;.vc_custom_1614003715893{margin-bottom: 0px !important;}&#8221;]\n<p style=\"text-align: center; color: #fff; font-size: 17px;\">En DOMA, desarrollamos y fabricamos m\u00e1quinas para el cortado f\u00e1cil, seguro y sencillo de queso y frutas. Tambi\u00e9n contamos con m\u00e1quinas ralladoras, mezcladoras y empaquetadoras, cubriendo todas sus necesidades.<\/p>\n[\/vc_column_text][mk_padding_divider size=&#8221;10&#8243;][mk_button dimension=&#8221;flat&#8221; corner_style=&#8221;rounded&#8221; size=&#8221;large&#8221; url=&#8221;http:\/\/doma-t.de\/unternehmen\/&#8221; align=&#8221;center&#8221; bg_color=&#8221;#da251d&#8221; btn_hover_bg=&#8221;#212121&#8243; btn_hover_txt_color=&#8221;#ffffff&#8221;]M\u00c1S INFORMACI\u00d3N[\/mk_button][\/vc_column][\/mk_page_section][mk_page_section bg_color=&#8221;#f7f7f7&#8243; full_width=&#8221;true&#8221; padding_top=&#8221;0&#8243; padding_bottom=&#8221;0&#8243; el_class=&#8221;retlm&#8221; sidebar=&#8221;sidebar-1&#8243;][vc_column][vc_row_inner][vc_column_inner width=&#8221;1\/5&#8243;][vc_single_image image=&#8221;61&#8243; img_size=&#8221;full&#8221; onclick=&#8221;custom_link&#8221; link=&#8221;http:\/\/doma-t.de\/kaseteilmaschinen\/&#8221;][vc_column_text css=&#8221;.vc_custom_1614004333010{margin-bottom: 0px !important;}&#8221;]\n<h4 style=\"text-align: left; color: #222; font-size: 18px;\">CORTADORAS DE QUESO<\/h4>\n<p style=\"text-align: left;\">Las cortadoras de queso DOMA son la herramienta r\u00e1pida, segura y conveniente de convertir ruedas de queso en piezas listas para la venta.<\/p>\n[\/vc_column_text][vc_separator align=&#8221;align_left&#8221; el_width=&#8221;10&#8243;][mk_button dimension=&#8221;flat&#8221; corner_style=&#8221;rounded&#8221; url=&#8221;http:\/\/doma-t.de\/kaseteilmaschinen\/&#8221; bg_color=&#8221;#da251d&#8221; btn_hover_bg=&#8221;#212121&#8243; btn_hover_txt_color=&#8221;#ffffff&#8221;]M\u00c1S INFORMACI\u00d3N[\/mk_button][mk_padding_divider size=&#8221;30&#8243; visibility=&#8221;visible-sm&#8221;][\/vc_column_inner][vc_column_inner width=&#8221;1\/5&#8243;][vc_single_image image=&#8221;1444&#8243; img_size=&#8221;full&#8221; onclick=&#8221;custom_link&#8221; link=&#8221;http:\/\/doma-t.de\/kasereiben\/&#8221;][vc_column_text css=&#8221;.vc_custom_1614004337448{margin-bottom: 0px !important;}&#8221;]\n<h4 style=\"text-align: left; color: #222; font-size: 18px;\">RALLADORAS DE QUESO<\/h4>\n<p>Consiga una textura fina o gruesa de forma f\u00e1cil con la m\u00e1quina ralladora DOMA, la mejor manera de ahorrar tiempo y de no desperdiciar.[\/vc_column_text][vc_separator align=&#8221;align_left&#8221; el_width=&#8221;10&#8243;][mk_button dimension=&#8221;flat&#8221; corner_style=&#8221;rounded&#8221; url=&#8221;http:\/\/doma-t.de\/kasereiben\/&#8221; bg_color=&#8221;#da251d&#8221; btn_hover_bg=&#8221;#212121&#8243; btn_hover_txt_color=&#8221;#ffffff&#8221;]M\u00c1S INFORMACI\u00d3N[\/mk_button][mk_padding_divider size=&#8221;30&#8243; visibility=&#8221;visible-sm&#8221;][\/vc_column_inner][vc_column_inner width=&#8221;1\/5&#8243;][vc_single_image image=&#8221;155&#8243; img_size=&#8221;full&#8221; onclick=&#8221;custom_link&#8221; link=&#8221;http:\/\/doma-t.de\/ruhrmaschinen\/&#8221;][vc_column_text css=&#8221;.vc_custom_1614004344452{margin-bottom: 0px !important;}&#8221;]\n<h4 style=\"text-align: left; color: #222; font-size: 18px;\">MEZCLADORAS DE QUESO<\/h4>\n<p>Las m\u00e1quinas mezcladoras DOMA son duraderas, de alta calidad, y son la mejor manera de mezclar su delicioso queso crema sin ensuciar y sin complicaciones.[\/vc_column_text][vc_separator align=&#8221;align_left&#8221; el_width=&#8221;10&#8243;][mk_button dimension=&#8221;flat&#8221; corner_style=&#8221;rounded&#8221; url=&#8221;http:\/\/doma-t.de\/ruhrmaschinen\/&#8221; bg_color=&#8221;#da251d&#8221; btn_hover_bg=&#8221;#212121&#8243; btn_hover_txt_color=&#8221;#ffffff&#8221;]M\u00c1S INFORMACI\u00d3N[\/mk_button][mk_padding_divider size=&#8221;30&#8243; visibility=&#8221;visible-sm&#8221;][\/vc_column_inner][vc_column_inner width=&#8221;1\/5&#8243;][vc_single_image image=&#8221;233&#8243; img_size=&#8221;full&#8221; onclick=&#8221;custom_link&#8221; link=&#8221;http:\/\/doma-t.de\/fruchtteilmaschinen\/&#8221;][vc_column_text css=&#8221;.vc_custom_1614004282100{margin-bottom: 0px !important;}&#8221;]\n<h4 style=\"text-align: left; color: #222; font-size: 18px;\">CORTADORAS DE FRUTAS<\/h4>\n<p>Las cortadoras DOMA de frutas brindan una manera segura de cortar frutas grandes y con formas complicadas (como las sand\u00edas, por ejemplo) en jugosos pedazos listos para servir.<\/p>\n[\/vc_column_text][vc_separator align=&#8221;align_left&#8221; el_width=&#8221;10&#8243;][mk_button dimension=&#8221;flat&#8221; corner_style=&#8221;rounded&#8221; url=&#8221;http:\/\/doma-t.de\/fruchtteilmaschinen\/&#8221; bg_color=&#8221;#da251d&#8221; btn_hover_bg=&#8221;#212121&#8243; btn_hover_txt_color=&#8221;#ffffff&#8221;]M\u00c1S INFORMACI\u00d3N[\/mk_button][mk_padding_divider size=&#8221;30&#8243; visibility=&#8221;visible-sm&#8221;][\/vc_column_inner][vc_column_inner width=&#8221;1\/5&#8243;][vc_single_image image=&#8221;1180&#8243; img_size=&#8221;full&#8221; onclick=&#8221;custom_link&#8221; link=&#8221;http:\/\/doma-t.de\/verpackungstechnik\/&#8221;][vc_column_text css=&#8221;.vc_custom_1614004350646{margin-bottom: 0px !important;}&#8221;]\n<h4 style=\"text-align: left; color: #222; font-size: 18px;\">EMPAQUETADORAS<\/h4>\n<p>Ideal para quesos, frutas y carnes. Las empaquetadoras DOMA proporcionan eficiencia en sus procesos de producci\u00f3n y de servicio al cliente.[\/vc_column_text][vc_separator align=&#8221;align_left&#8221; el_width=&#8221;10&#8243;][mk_button dimension=&#8221;flat&#8221; corner_style=&#8221;rounded&#8221; url=&#8221;http:\/\/doma-t.de\/verpackungstechnik\/&#8221; bg_color=&#8221;#da251d&#8221; btn_hover_bg=&#8221;#212121&#8243; btn_hover_txt_color=&#8221;#ffffff&#8221;]M\u00c1S INFORMACI\u00d3N[\/mk_button][\/vc_column_inner][\/vc_row_inner][\/vc_column][\/mk_page_section][mk_page_section padding_top=&#8221;0&#8243; padding_bottom=&#8221;70&#8243; sidebar=&#8221;sidebar-1&#8243;][vc_column][mk_padding_divider size=&#8221;70&#8243; visibility=&#8221;hidden-sm&#8221;][mk_padding_divider visibility=&#8221;visible-sm&#8221;][vc_row_inner][vc_column_inner width=&#8221;1\/2&#8243;][vc_single_image image=&#8221;884&#8243; img_size=&#8221;full&#8221;][vc_raw_html]JTNDaWZyYW1lJTIwd2lkdGglM0QlMjI1NDAlMjIlMjBoZWlnaHQlM0QlMjIzMTUlMjIlMjBzcmMlM0QlMjJodHRwcyUzQSUyRiUyRnd3dy55b3V0dWJlLW5vY29va2llLmNvbSUyRmVtYmVkJTJGTzhtQ3VUdE1VQ1UlMjIlMjB0aXRsZSUzRCUyMllvdVR1YmUlMjB2aWRlbyUyMHBsYXllciUyMiUyMGZyYW1lYm9yZGVyJTNEJTIyMCUyMiUyMGFsbG93JTNEJTIyYWNjZWxlcm9tZXRlciUzQiUyMGF1dG9wbGF5JTNCJTIwY2xpcGJvYXJkLXdyaXRlJTNCJTIwZW5jcnlwdGVkLW1lZGlhJTNCJTIwZ3lyb3Njb3BlJTNCJTIwcGljdHVyZS1pbi1waWN0dXJlJTIyJTIwYWxsb3dmdWxsc2NyZWVuJTNFJTNDJTJGaWZyYW1lJTNF[\/vc_raw_html][\/vc_column_inner][vc_column_inner width=&#8221;1\/2&#8243;][vc_column_text css=&#8221;.vc_custom_1614003781722{margin-bottom: 0px !important;}&#8221;]\n<h2 style=\"text-align: left; color: #222; font-size: 42px;\">\u00a1Con m\u00e1s de 40 a\u00f1os de experiencia!<\/h2>\n[\/vc_column_text][vc_separator color=&#8221;custom&#8221; align=&#8221;align_left&#8221; border_width=&#8221;2&#8243; el_width=&#8221;10&#8243; accent_color=&#8221;#da251d&#8221;][vc_column_text css=&#8221;.vc_custom_1614003795490{margin-bottom: 0px !important;}&#8221;]DOMA GmbH es un fabricante l\u00edder de m\u00e1quinas cortadoras de queso y de frutas, as\u00ed como tambi\u00e9n de una gran variedad de ralladores, mezcladoras y empaquetadoras de alimentos. Nuestros productos est\u00e1n perfectamente adaptados para el uso comercial, y nuestros clientes incluyen supermercados, minoristas independientes, mercados de productos agr\u00edcolas, charcuter\u00edas y restaurantes, por mencionar solo algunos.<br \/>\nOperamos desde 1974 como empresa familiar, acumulando m\u00e1s de 40 a\u00f1os de experiencia en la industria. Durante este tiempo hemos mantenido el enfoque en lo que m\u00e1s importa, producir productos con la mejor calidad posible para nuestros clientes de todo el mundo.<br \/>\nNuestros conocimientos nos han permitido desarrollar una l\u00ednea de m\u00e1quinas compactas y de uso concreto que se pueden comprar por unidad o en serie. Tambi\u00e9n somos capaces de producir sistemas completamente personalizados para atender las necesidades espec\u00edficas de nuestros clientes.[\/vc_column_text][\/vc_column_inner][\/vc_row_inner][mk_padding_divider size=&#8221;30&#8243; visibility=&#8221;hidden-sm&#8221;][vc_separator][mk_padding_divider size=&#8221;30&#8243; visibility=&#8221;hidden-sm&#8221;][vc_column_text visibility=&#8221;hidden-sm&#8221; css=&#8221;.vc_custom_1614003804488{margin-bottom: 0px !important;}&#8221;]\n<h2 style=\"text-align: center; color: #222; font-size: 40px;\">Productos destacados<\/h2>\n[\/vc_column_text][vc_separator color=&#8221;custom&#8221; border_width=&#8221;2&#8243; el_width=&#8221;10&#8243; accent_color=&#8221;#da251d&#8221;][mk_padding_divider size=&#8221;30&#8243; visibility=&#8221;hidden-sm&#8221;][vc_row_inner visibility=&#8221;hidden-sm&#8221;][vc_column_inner width=&#8221;1\/3&#8243;][vc_single_image image=&#8221;885&#8243; img_size=&#8221;full&#8221;][vc_column_text css=&#8221;.vc_custom_1614003826696{margin-bottom: 0px !important;}&#8221;]\n<h4 style=\"text-align: left; color: #222; font-size: 20px;\">CORTADORA DE QUESO MODELO KT 3 EMK<\/h4>\n[\/vc_column_text][vc_column_text css=&#8221;.vc_custom_1614003921773{margin-bottom: 0px !important;}&#8221;]\n<p style=\"text-align: left;\">Corte de ruedas enteras de queso en pedazos pr\u00e1cticos, a medida, y sin desperdicio.<\/p>\n[\/vc_column_text][mk_button dimension=&#8221;flat&#8221; corner_style=&#8221;rounded&#8221; size=&#8221;medium&#8221; url=&#8221;http:\/\/doma-t.de\/kaseteilmaschinen\/&#8221; bg_color=&#8221;#141414&#8243; btn_hover_bg=&#8221;#212121&#8243; btn_hover_txt_color=&#8221;#ffffff&#8221;]VER EL PRODUCTO[\/mk_button][\/vc_column_inner][vc_column_inner width=&#8221;1\/3&#8243;][vc_single_image image=&#8221;41&#8243; img_size=&#8221;full&#8221;][vc_column_text css=&#8221;.vc_custom_1614003875847{margin-bottom: 0px !important;}&#8221;]\n<h4 style=\"text-align: left; color: #222; font-size: 20px;\">CORTADORA DE SAND\u00cdAS MODELO MELOMA-T<\/h4>\n[\/vc_column_text][vc_column_text css=&#8221;.vc_custom_1614003913820{margin-bottom: 0px !important;}&#8221;]\n<p style=\"text-align: left;\">Corte de sand\u00edas enteras en pedazos apetecibles, listos para consumir, y sin desperdicio.<\/p>\n[\/vc_column_text][mk_button dimension=&#8221;flat&#8221; corner_style=&#8221;rounded&#8221; size=&#8221;medium&#8221; url=&#8221;http:\/\/doma-t.de\/fruchtteilmaschinen\/&#8221; bg_color=&#8221;#141414&#8243; btn_hover_bg=&#8221;#212121&#8243; btn_hover_txt_color=&#8221;#ffffff&#8221;]VER EL PRODUCTO[\/mk_button][\/vc_column_inner][vc_column_inner width=&#8221;1\/3&#8243;][vc_single_image image=&#8221;42&#8243; img_size=&#8221;full&#8221;][vc_column_text css=&#8221;.vc_custom_1614003895378{margin-bottom: 0px !important;}&#8221;]\n<h4 style=\"text-align: left; color: #222; font-size: 20px;\">RALLADORA DE QUESO MODELO KR 2<\/h4>\n[\/vc_column_text][vc_column_text css=&#8221;.vc_custom_1614003906420{margin-bottom: 0px !important;}&#8221;]\n<p style=\"text-align: left;\">Rallado o molido f\u00e1cil de una amplia variedad de quesos para conseguir la textura perfecta.<\/p>\n[\/vc_column_text][mk_button dimension=&#8221;flat&#8221; corner_style=&#8221;rounded&#8221; size=&#8221;medium&#8221; url=&#8221;http:\/\/doma-t.de\/kasereiben\/&#8221; bg_color=&#8221;#141414&#8243; btn_hover_bg=&#8221;#212121&#8243; btn_hover_txt_color=&#8221;#ffffff&#8221;]VER EL PRODUCTO[\/mk_button][\/vc_column_inner][\/vc_row_inner][\/vc_column][\/mk_page_section][mk_page_section bg_image=&#8221;http:\/\/doma-t.de\/wp-content\/uploads\/2019\/05\/2342v3.jpg&#8221; bg_position=&#8221;center center&#8221; bg_stretch=&#8221;true&#8221; video_color_mask=&#8221;rgba(218,37,29,0.95)&#8221; video_opacity=&#8221;1&#8243; padding_top=&#8221;70&#8243; padding_bottom=&#8221;70&#8243; sidebar=&#8221;sidebar-1&#8243;][vc_column][vc_column_text css=&#8221;.vc_custom_1614003932966{margin-bottom: 0px !important;}&#8221;]\n<h2 style=\"text-align: center; color: #fff; font-size: 55px;\">Solicite una cotizaci\u00f3n<\/h2>\n[\/vc_column_text][vc_separator color=&#8221;custom&#8221; border_width=&#8221;2&#8243; el_width=&#8221;10&#8243; accent_color=&#8221;rgba(255,255,255,0.43)&#8221;][mk_button dimension=&#8221;outline&#8221; corner_style=&#8221;rounded&#8221; size=&#8221;large&#8221; url=&#8221;http:\/\/doma-t.de\/kontakt&#8221; align=&#8221;center&#8221; outline_skin=&#8221;light&#8221;]Cont\u00e1ctenos[\/mk_button][\/vc_column][\/mk_page_section]\n<\/div>","protected":false},"excerpt":{"rendered":"<p>[mk_page_section bg_image=&#8221;https:\/\/doma-t.de\/wp-content\/uploads\/2022\/03\/36-teile-scaled.jpg&#8221; bg_position=&#8221;center center&#8221; video_color_mask=&#8221;rgba(0,0,0,0.6)&#8221; video_opacity=&#8221;1&#8243; padding_top=&#8221;170&#8243; padding_bottom=&#8221;180&#8243; el_class=&#8221;mobbak&#8221; sidebar=&#8221;sidebar-1&#8243;&#8230;<\/p>\n","protected":false},"author":1,"featured_media":0,"parent":0,"menu_order":0,"comment_status":"closed","ping_status":"closed","template":"","meta":{"footnotes":"","_links_to":"","_links_to_target":""},"_links":{"self":[{"href":"https:\/\/doma-t.de\/es_ES\/wp-json\/wp\/v2\/pages\/7"}],"collection":[{"href":"https:\/\/doma-t.de\/es_ES\/wp-json\/wp\/v2\/pages"}],"about":[{"href":"https:\/\/doma-t.de\/es_ES\/wp-json\/wp\/v2\/types\/page"}],"author":[{"embeddable":true,"href":"https:\/\/doma-t.de\/es_ES\/wp-json\/wp\/v2\/users\/1"}],"replies":[{"embeddable":true,"href":"https:\/\/doma-t.de\/es_ES\/wp-json\/wp\/v2\/comments?post=7"}],"version-history":[{"count":253,"href":"https:\/\/doma-t.de\/es_ES\/wp-json\/wp\/v2\/pages\/7\/revisions"}],"predecessor-version":[{"id":1482,"href":"https:\/\/doma-t.de\/es_ES\/wp-json\/wp\/v2\/pages\/7\/revisions\/1482"}],"wp:attachment":[{"href":"https:\/\/doma-t.de\/es_ES\/wp-json\/wp\/v2\/media?parent=7"}],"curies":[{"name":"wp","href":"https:\/\/api.w.org\/{rel}","templated":true}]}}