{"id":115,"date":"2019-05-01T15:50:27","date_gmt":"2019-05-01T15:50:27","guid":{"rendered":"http:\/\/doma-t.de\/?page_id=115"},"modified":"2023-11-14T13:37:55","modified_gmt":"2023-11-14T13:37:55","slug":"kontakt","status":"publish","type":"page","link":"https:\/\/doma-t.de\/es_ES\/kontakt\/","title":{"rendered":"CONTACTO"},"content":{"rendered":"<div class=\"wpb-content-wrapper\">[mk_page_section bg_image=&#8221;http:\/\/doma-t.de\/wp-content\/uploads\/2019\/05\/2342v3.jpg&#8221; bg_position=&#8221;center center&#8221; bg_stretch=&#8221;true&#8221; video_color_mask=&#8221;rgba(0,0,0,0.6)&#8221; video_opacity=&#8221;1&#8243; padding_top=&#8221;90&#8243; padding_bottom=&#8221;90&#8243; sidebar=&#8221;sidebar-1&#8243;][vc_column][vc_column_text css=&#8221;.vc_custom_1664349954190{margin-bottom: 0px !important;}&#8221;]\n<h1 style=\"text-align: center; color: #fff; font-weight: 800; font-size: 55px;\">Cont\u00e1ctenos<\/h1>\n[\/vc_column_text][\/vc_column][\/mk_page_section][mk_page_section padding_top=&#8221;90&#8243; padding_bottom=&#8221;70&#8243; sidebar=&#8221;sidebar-1&#8243;][vc_column][vc_separator][vc_column_text css=&#8221;.vc_custom_1614005169185{margin-bottom: 0px !important;}&#8221;]\n<p style=\"text-align: center;\">Si usted desea adquirir una de nuestras m\u00e1quinas en DOMA, o si desea organizar un pedido en serie, solo debe ponerse en contacto con nuestro equipo para conocer los requerimientos. Nuestros amables expertos lo guiar\u00e1n a lo largo del proceso de selecci\u00f3n de la mejor m\u00e1quina para sus necesidades y de las opciones de personalizaci\u00f3n. Estaremos encantados de recibir su consulta.<\/p>\n[\/vc_column_text][vc_row_inner][vc_column_inner width=&#8221;2\/3&#8243;]<noscript class=\"ninja-forms-noscript-message\">\n\tNotice: JavaScript is required for this content.<\/noscript>\n<div id=\"nf-form-4-cont\" class=\"nf-form-cont\" aria-live=\"polite\" aria-labelledby=\"nf-form-title-4\" aria-describedby=\"nf-form-errors-4\" role=\"form\">\n\n    <div class=\"nf-loading-spinner\"><\/div>\n\n<\/div>\n        <!-- That data is being printed as a workaround to page builders reordering the order of the scripts loaded-->\n        <script>var formDisplay=1;var nfForms=nfForms||[];var form=[];form.id='4';form.settings={\"objectType\":\"Form Setting\",\"editActive\":true,\"title\":\"Contact Me - es\",\"created_at\":\"2019-05-28 12:38:17\",\"default_label_pos\":\"above\",\"show_title\":\"0\",\"clear_complete\":\"1\",\"hide_complete\":\"1\",\"logged_in\":\"\",\"key\":\"\",\"conditions\":[],\"wrapper_class\":\"\",\"element_class\":\"\",\"add_submit\":\"1\",\"not_logged_in_msg\":\"\",\"sub_limit_number\":\"\",\"sub_limit_msg\":\"\",\"calculations\":[],\"formContentData\":[\"nombre_1559039948786\",\"empresa_1559039956618\",\"direccion_1559039963203\",\"email_1559039979272\",\"telefono_de_negocios_1559039991753\",\"mensaje_1559040002145\",\"estoy_de_acuerdo_con_la_less_than_a_href_http_doma-t_de_datenschutz_greater_than_politica_de_privacidad_less_than_a_greater_than_1559040030212\",\"spam_1664813550965\",\"enviar_1559040038253\"],\"container_styles_background-color\":\"\",\"container_styles_border\":\"\",\"container_styles_border-style\":\"\",\"container_styles_border-color\":\"\",\"container_styles_color\":\"\",\"container_styles_height\":\"\",\"container_styles_width\":\"\",\"container_styles_font-size\":\"\",\"container_styles_margin\":\"\",\"container_styles_padding\":\"\",\"container_styles_display\":\"\",\"container_styles_float\":\"\",\"container_styles_show_advanced_css\":\"0\",\"container_styles_advanced\":\"\",\"title_styles_background-color\":\"\",\"title_styles_border\":\"\",\"title_styles_border-style\":\"\",\"title_styles_border-color\":\"\",\"title_styles_color\":\"\",\"title_styles_height\":\"\",\"title_styles_width\":\"\",\"title_styles_font-size\":\"\",\"title_styles_margin\":\"\",\"title_styles_padding\":\"\",\"title_styles_display\":\"\",\"title_styles_float\":\"\",\"title_styles_show_advanced_css\":\"0\",\"title_styles_advanced\":\"\",\"row_styles_background-color\":\"\",\"row_styles_border\":\"\",\"row_styles_border-style\":\"\",\"row_styles_border-color\":\"\",\"row_styles_color\":\"\",\"row_styles_height\":\"\",\"row_styles_width\":\"\",\"row_styles_font-size\":\"\",\"row_styles_margin\":\"\",\"row_styles_padding\":\"\",\"row_styles_display\":\"\",\"row_styles_show_advanced_css\":\"0\",\"row_styles_advanced\":\"\",\"row-odd_styles_background-color\":\"\",\"row-odd_styles_border\":\"\",\"row-odd_styles_border-style\":\"\",\"row-odd_styles_border-color\":\"\",\"row-odd_styles_color\":\"\",\"row-odd_styles_height\":\"\",\"row-odd_styles_width\":\"\",\"row-odd_styles_font-size\":\"\",\"row-odd_styles_margin\":\"\",\"row-odd_styles_padding\":\"\",\"row-odd_styles_display\":\"\",\"row-odd_styles_show_advanced_css\":\"0\",\"row-odd_styles_advanced\":\"\",\"success-msg_styles_background-color\":\"\",\"success-msg_styles_border\":\"\",\"success-msg_styles_border-style\":\"\",\"success-msg_styles_border-color\":\"\",\"success-msg_styles_color\":\"\",\"success-msg_styles_height\":\"\",\"success-msg_styles_width\":\"\",\"success-msg_styles_font-size\":\"\",\"success-msg_styles_margin\":\"\",\"success-msg_styles_padding\":\"\",\"success-msg_styles_display\":\"\",\"success-msg_styles_show_advanced_css\":\"0\",\"success-msg_styles_advanced\":\"\",\"error_msg_styles_background-color\":\"\",\"error_msg_styles_border\":\"\",\"error_msg_styles_border-style\":\"\",\"error_msg_styles_border-color\":\"\",\"error_msg_styles_color\":\"\",\"error_msg_styles_height\":\"\",\"error_msg_styles_width\":\"\",\"error_msg_styles_font-size\":\"\",\"error_msg_styles_margin\":\"\",\"error_msg_styles_padding\":\"\",\"error_msg_styles_display\":\"\",\"error_msg_styles_show_advanced_css\":\"0\",\"error_msg_styles_advanced\":\"\",\"currency\":\"\",\"unique_field_error\":\"A form with this value has already been submitted.\",\"drawerDisabled\":false,\"allow_public_link\":0,\"embed_form\":\"\",\"changeEmailErrorMsg\":\"Please enter a valid email address!\",\"changeDateErrorMsg\":\"Please enter a valid date!\",\"confirmFieldErrorMsg\":\"These fields must match!\",\"fieldNumberNumMinError\":\"Number Min Error\",\"fieldNumberNumMaxError\":\"Number Max Error\",\"fieldNumberIncrementBy\":\"Please increment by \",\"formErrorsCorrectErrors\":\"Please correct errors before submitting this form.\",\"validateRequiredField\":\"This is a required field.\",\"honeypotHoneypotError\":\"Honeypot Error\",\"fieldsMarkedRequired\":\"Fields marked with an <span class=\\\"ninja-forms-req-symbol\\\">*<\\\/span> are required\",\"public_link\":\"https:\\\/\\\/doma-t.de\\\/ninja-forms\\\/4r37s\",\"public_link_key\":\"4r37s\",\"ninjaForms\":\"Ninja Forms\",\"fieldTextareaRTEInsertLink\":\"Insert Link\",\"fieldTextareaRTEInsertMedia\":\"Insert Media\",\"fieldTextareaRTESelectAFile\":\"Select a file\",\"formHoneypot\":\"If you are a human seeing this field, please leave it empty.\",\"fileUploadOldCodeFileUploadInProgress\":\"File Upload in Progress.\",\"fileUploadOldCodeFileUpload\":\"FILE UPLOAD\",\"currencySymbol\":false,\"thousands_sep\":\",\",\"decimal_point\":\".\",\"siteLocale\":\"en_US\",\"dateFormat\":\"m\\\/d\\\/Y\",\"startOfWeek\":\"1\",\"of\":\"of\",\"previousMonth\":\"Previous Month\",\"nextMonth\":\"Next Month\",\"months\":[\"January\",\"February\",\"March\",\"April\",\"May\",\"June\",\"July\",\"August\",\"September\",\"October\",\"November\",\"December\"],\"monthsShort\":[\"Jan\",\"Feb\",\"Mar\",\"Apr\",\"May\",\"Jun\",\"Jul\",\"Aug\",\"Sep\",\"Oct\",\"Nov\",\"Dec\"],\"weekdays\":[\"Sunday\",\"Monday\",\"Tuesday\",\"Wednesday\",\"Thursday\",\"Friday\",\"Saturday\"],\"weekdaysShort\":[\"Sun\",\"Mon\",\"Tue\",\"Wed\",\"Thu\",\"Fri\",\"Sat\"],\"weekdaysMin\":[\"Su\",\"Mo\",\"Tu\",\"We\",\"Th\",\"Fr\",\"Sa\"],\"recaptchaConsentMissing\":\"reCaptcha validation couldn&#039;t load.\",\"recaptchaMissingCookie\":\"reCaptcha v3 validation couldn&#039;t load the cookie needed to submit the form.\",\"recaptchaConsentEvent\":\"Accept reCaptcha cookies before sending the form.\",\"currency_symbol\":\"\",\"beforeForm\":\"\",\"beforeFields\":\"\",\"afterFields\":\"\",\"afterForm\":\"\"};form.fields=[{\"objectType\":\"Field\",\"objectDomain\":\"fields\",\"editActive\":false,\"order\":1,\"idAttribute\":\"id\",\"field_key\":\"imya_1559039764952\",\"field_label\":\"\\u0418\\u043c\\u044f\",\"label_pos\":\"above\",\"required\":1,\"placeholder\":\"\",\"default\":\"\",\"wrapper_class\":\"\",\"element_class\":\"\",\"container_class\":\"\",\"input_limit\":\"\",\"input_limit_type\":\"characters\",\"input_limit_msg\":\"Character(s) left\",\"manual_key\":\"\",\"disable_input\":\"\",\"admin_label\":\"\",\"help_text\":\"\",\"desc_text\":\"\",\"disable_browser_autocomplete\":\"\",\"mask\":\"\",\"custom_mask\":\"\",\"wrap_styles_background-color\":\"\",\"wrap_styles_border\":\"\",\"wrap_styles_border-style\":\"\",\"wrap_styles_border-color\":\"\",\"wrap_styles_color\":\"\",\"wrap_styles_height\":\"\",\"wrap_styles_width\":\"\",\"wrap_styles_font-size\":\"\",\"wrap_styles_margin\":\"\",\"wrap_styles_padding\":\"\",\"wrap_styles_display\":\"\",\"wrap_styles_float\":\"\",\"wrap_styles_show_advanced_css\":0,\"wrap_styles_advanced\":\"\",\"label_styles_background-color\":\"\",\"label_styles_border\":\"\",\"label_styles_border-style\":\"\",\"label_styles_border-color\":\"\",\"label_styles_color\":\"\",\"label_styles_height\":\"\",\"label_styles_width\":\"\",\"label_styles_font-size\":\"\",\"label_styles_margin\":\"\",\"label_styles_padding\":\"\",\"label_styles_display\":\"\",\"label_styles_float\":\"\",\"label_styles_show_advanced_css\":0,\"label_styles_advanced\":\"\",\"element_styles_background-color\":\"\",\"element_styles_border\":\"\",\"element_styles_border-style\":\"\",\"element_styles_border-color\":\"\",\"element_styles_color\":\"\",\"element_styles_height\":\"\",\"element_styles_width\":\"\",\"element_styles_font-size\":\"\",\"element_styles_margin\":\"\",\"element_styles_padding\":\"\",\"element_styles_display\":\"\",\"element_styles_float\":\"\",\"element_styles_show_advanced_css\":0,\"element_styles_advanced\":\"\",\"cellcid\":\"c3277\",\"label\":\"Nombre\",\"key\":\"nombre_1559039948786\",\"type\":\"textbox\",\"created_at\":\"2019-05-01 15:50:28\",\"custom_name_attribute\":\"\",\"personally_identifiable\":\"\",\"value\":\"\",\"drawerDisabled\":\"\",\"id\":25,\"beforeField\":\"\",\"afterField\":\"\",\"parentType\":\"textbox\",\"element_templates\":[\"textbox\",\"input\"],\"old_classname\":\"\",\"wrap_template\":\"wrap\"},{\"objectType\":\"Field\",\"objectDomain\":\"fields\",\"editActive\":false,\"order\":2,\"idAttribute\":\"id\",\"type\":\"textbox\",\"label\":\"Empresa\",\"key\":\"empresa_1559039956618\",\"label_pos\":\"above\",\"required\":\"\",\"default\":\"\",\"placeholder\":\"\",\"container_class\":\"\",\"element_class\":\"\",\"input_limit\":\"\",\"input_limit_type\":\"characters\",\"input_limit_msg\":\"Character(s) left\",\"manual_key\":\"\",\"admin_label\":\"\",\"help_text\":\"\",\"mask\":\"\",\"custom_mask\":\"\",\"custom_name_attribute\":\"\",\"personally_identifiable\":\"\",\"value\":\"\",\"drawerDisabled\":\"\",\"field_label\":\"\\u041a\\u043e\\u043c\\u043f\\u0430\\u043d\\u0438\\u044f\",\"field_key\":\"kompaniya_1559039775686\",\"id\":29,\"beforeField\":\"\",\"afterField\":\"\",\"parentType\":\"textbox\",\"element_templates\":[\"textbox\",\"input\"],\"old_classname\":\"\",\"wrap_template\":\"wrap\"},{\"objectType\":\"Field\",\"objectDomain\":\"fields\",\"editActive\":false,\"order\":3,\"idAttribute\":\"id\",\"type\":\"address\",\"label\":\"Direcci\\u00f3n\",\"key\":\"direccion_1559039963203\",\"label_pos\":\"above\",\"required\":\"\",\"default\":\"\",\"placeholder\":\"\",\"container_class\":\"\",\"element_class\":\"\",\"input_limit\":\"\",\"input_limit_type\":\"characters\",\"input_limit_msg\":\"Character(s) left\",\"manual_key\":\"\",\"admin_label\":\"\",\"help_text\":\"\",\"mask\":\"\",\"custom_mask\":\"\",\"custom_name_attribute\":\"address\",\"personally_identifiable\":1,\"value\":\"\",\"field_label\":\"\\u0410\\u0434\\u0440\\u0435\\u0441\",\"field_key\":\"adres_1559039783571\",\"id\":30,\"beforeField\":\"\",\"afterField\":\"\",\"parentType\":\"address\",\"element_templates\":[\"address\",\"textbox\",\"input\"],\"old_classname\":\"\",\"wrap_template\":\"wrap\"},{\"objectType\":\"Field\",\"objectDomain\":\"fields\",\"editActive\":false,\"order\":4,\"idAttribute\":\"id\",\"field_label\":\"\\u042d\\u043b. \\u0430\\u0434\\u0440\\u0435\\u0441\",\"field_key\":\"el_adres_1559039790627\",\"label_pos\":\"above\",\"required\":1,\"placeholder\":\"\",\"default\":\"\",\"wrapper_class\":\"\",\"element_class\":\"\",\"container_class\":\"\",\"admin_label\":\"\",\"help_text\":\"\",\"desc_text\":\"\",\"wrap_styles_background-color\":\"\",\"wrap_styles_border\":\"\",\"wrap_styles_border-style\":\"\",\"wrap_styles_border-color\":\"\",\"wrap_styles_color\":\"\",\"wrap_styles_height\":\"\",\"wrap_styles_width\":\"\",\"wrap_styles_font-size\":\"\",\"wrap_styles_margin\":\"\",\"wrap_styles_padding\":\"\",\"wrap_styles_display\":\"\",\"wrap_styles_float\":\"\",\"wrap_styles_show_advanced_css\":0,\"wrap_styles_advanced\":\"\",\"label_styles_background-color\":\"\",\"label_styles_border\":\"\",\"label_styles_border-style\":\"\",\"label_styles_border-color\":\"\",\"label_styles_color\":\"\",\"label_styles_height\":\"\",\"label_styles_width\":\"\",\"label_styles_font-size\":\"\",\"label_styles_margin\":\"\",\"label_styles_padding\":\"\",\"label_styles_display\":\"\",\"label_styles_float\":\"\",\"label_styles_show_advanced_css\":0,\"label_styles_advanced\":\"\",\"element_styles_background-color\":\"\",\"element_styles_border\":\"\",\"element_styles_border-style\":\"\",\"element_styles_border-color\":\"\",\"element_styles_color\":\"\",\"element_styles_height\":\"\",\"element_styles_width\":\"\",\"element_styles_font-size\":\"\",\"element_styles_margin\":\"\",\"element_styles_padding\":\"\",\"element_styles_display\":\"\",\"element_styles_float\":\"\",\"element_styles_show_advanced_css\":0,\"element_styles_advanced\":\"\",\"cellcid\":\"c3281\",\"label\":\"Email\",\"key\":\"email_1559039979272\",\"type\":\"email\",\"created_at\":\"2019-05-01 15:50:28\",\"custom_name_attribute\":\"email\",\"personally_identifiable\":1,\"value\":\"\",\"drawerDisabled\":\"\",\"id\":26,\"beforeField\":\"\",\"afterField\":\"\",\"parentType\":\"email\",\"element_templates\":[\"email\",\"input\"],\"old_classname\":\"\",\"wrap_template\":\"wrap\"},{\"objectType\":\"Field\",\"objectDomain\":\"fields\",\"editActive\":false,\"order\":5,\"idAttribute\":\"id\",\"type\":\"phone\",\"label\":\"Tel\\u00e9fono de negocios\",\"key\":\"telefono_de_negocios_1559039991753\",\"label_pos\":\"above\",\"required\":\"\",\"default\":\"\",\"placeholder\":\"\",\"container_class\":\"\",\"element_class\":\"\",\"input_limit\":\"\",\"input_limit_type\":\"characters\",\"input_limit_msg\":\"Character(s) left\",\"manual_key\":\"\",\"admin_label\":\"\",\"help_text\":\"\",\"mask\":\"\",\"custom_mask\":\"\",\"custom_name_attribute\":\"phone\",\"personally_identifiable\":1,\"value\":\"\",\"drawerDisabled\":\"\",\"field_label\":\"\\u0420\\u0430\\u0431\\u043e\\u0447\\u0438\\u0439 \\u0442\\u0435\\u043b\\u0435\\u0444\\u043e\\u043d\",\"field_key\":\"rabochii_telefon_1559039801754\",\"id\":31,\"beforeField\":\"\",\"afterField\":\"\",\"parentType\":\"textbox\",\"element_templates\":[\"tel\",\"textbox\",\"input\"],\"old_classname\":\"\",\"wrap_template\":\"wrap\"},{\"objectType\":\"Field\",\"objectDomain\":\"fields\",\"editActive\":false,\"order\":6,\"idAttribute\":\"id\",\"field_label\":\"\\u0421\\u043e\\u043e\\u0431\\u0449\\u0435\\u043d\\u0438\\u0435\",\"field_key\":\"soobshenie_1559039809154\",\"label_pos\":\"above\",\"required\":1,\"placeholder\":\"\",\"default\":\"\",\"wrapper_class\":\"\",\"element_class\":\"\",\"container_class\":\"\",\"input_limit\":\"\",\"input_limit_type\":\"characters\",\"input_limit_msg\":\"Character(s) left\",\"manual_key\":\"\",\"disable_input\":\"\",\"admin_label\":\"\",\"help_text\":\"\",\"desc_text\":\"\",\"disable_browser_autocomplete\":\"\",\"textarea_rte\":\"\",\"disable_rte_mobile\":\"\",\"textarea_media\":\"\",\"wrap_styles_background-color\":\"\",\"wrap_styles_border\":\"\",\"wrap_styles_border-style\":\"\",\"wrap_styles_border-color\":\"\",\"wrap_styles_color\":\"\",\"wrap_styles_height\":\"\",\"wrap_styles_width\":\"\",\"wrap_styles_font-size\":\"\",\"wrap_styles_margin\":\"\",\"wrap_styles_padding\":\"\",\"wrap_styles_display\":\"\",\"wrap_styles_float\":\"\",\"wrap_styles_show_advanced_css\":0,\"wrap_styles_advanced\":\"\",\"label_styles_background-color\":\"\",\"label_styles_border\":\"\",\"label_styles_border-style\":\"\",\"label_styles_border-color\":\"\",\"label_styles_color\":\"\",\"label_styles_height\":\"\",\"label_styles_width\":\"\",\"label_styles_font-size\":\"\",\"label_styles_margin\":\"\",\"label_styles_padding\":\"\",\"label_styles_display\":\"\",\"label_styles_float\":\"\",\"label_styles_show_advanced_css\":0,\"label_styles_advanced\":\"\",\"element_styles_background-color\":\"\",\"element_styles_border\":\"\",\"element_styles_border-style\":\"\",\"element_styles_border-color\":\"\",\"element_styles_color\":\"\",\"element_styles_height\":\"\",\"element_styles_width\":\"\",\"element_styles_font-size\":\"\",\"element_styles_margin\":\"\",\"element_styles_padding\":\"\",\"element_styles_display\":\"\",\"element_styles_float\":\"\",\"element_styles_show_advanced_css\":0,\"element_styles_advanced\":\"\",\"cellcid\":\"c3284\",\"label\":\"Mensaje\",\"key\":\"mensaje_1559040002145\",\"type\":\"textarea\",\"created_at\":\"2019-05-01 15:50:28\",\"value\":\"\",\"drawerDisabled\":\"\",\"id\":27,\"beforeField\":\"\",\"afterField\":\"\",\"parentType\":\"textarea\",\"element_templates\":[\"textarea\",\"input\"],\"old_classname\":\"\",\"wrap_template\":\"wrap\"},{\"objectType\":\"Field\",\"objectDomain\":\"fields\",\"editActive\":false,\"order\":7,\"idAttribute\":\"id\",\"type\":\"checkbox\",\"label\":\"Estoy de acuerdo con la <a href=\\\"http:\\\/\\\/doma-t.de\\\/datenschutz\\\/\\\">pol\\u00edtica de privacidad<\\\/a>\",\"key\":\"estoy_de_acuerdo_con_la_less_than_a_href_http_doma-t_de_datenschutz_greater_than_politica_de_privacidad_less_than_a_greater_than_1559040030212\",\"label_pos\":\"right\",\"required\":1,\"container_class\":\"\",\"element_class\":\"\",\"manual_key\":\"\",\"admin_label\":\"\",\"help_text\":\"\",\"default_value\":\"unchecked\",\"checked_value\":\"Checked\",\"unchecked_value\":\"Unchecked\",\"drawerDisabled\":\"\",\"field_label\":\"\\u042f \\u0441\\u043e\\u0433\\u043b\\u0430\\u0441\\u0435\\u043d \\u0441 <a href=\\\"http:\\\/\\\/doma-t.de\\\/datenschutz\\\/\\\">\\u043f\\u043e\\u043b\\u0438\\u0442\\u0438\\u043a\\u043e\\u0439 \\u043a\\u043e\\u043d\\u0444\\u0438\\u0434\\u0435\\u043d\\u0446\\u0438\\u0430\\u043b\\u044c\\u043d\\u043e\\u0441\\u0442\\u0438<\\\/a>\",\"field_key\":\"ya_soglasen_s_less_than_a_href_http_doma-t_de_datenschutz_greater_than_politikoi_konfidencialnosti_less_than_a_greater_than_1559039836774\",\"checked_calc_value\":\"\",\"unchecked_calc_value\":\"\",\"id\":32,\"beforeField\":\"\",\"afterField\":\"\",\"value\":\"\",\"parentType\":\"checkbox\",\"element_templates\":[\"checkbox\",\"input\"],\"old_classname\":\"\",\"wrap_template\":\"wrap\"},{\"objectType\":\"Field\",\"objectDomain\":\"fields\",\"editActive\":false,\"order\":8,\"idAttribute\":\"id\",\"label\":\"3+4=?\",\"type\":\"spam\",\"key\":\"spam_1664813550965\",\"label_pos\":\"above\",\"required\":1,\"default\":\"\",\"placeholder\":\"\",\"container_class\":\"\",\"element_class\":\"\",\"input_limit\":\"\",\"input_limit_type\":\"characters\",\"input_limit_msg\":\"verbleibende(s) Zeichen\",\"manual_key\":true,\"admin_label\":\"\",\"help_text\":\"\",\"spam_answer\":7,\"value\":\"\",\"drawerDisabled\":false,\"id\":36,\"beforeField\":\"\",\"afterField\":\"\",\"parentType\":\"spam\",\"element_templates\":[\"textbox\",\"input\"],\"old_classname\":\"\",\"wrap_template\":\"wrap\"},{\"objectType\":\"Field\",\"objectDomain\":\"fields\",\"editActive\":false,\"order\":9,\"idAttribute\":\"id\",\"field_label\":\"\\u043e\\u0442\\u043f\\u0440\\u0430\\u0432\\u043b\\u044f\\u0442\\u044c\",\"field_key\":\"otpravlyat_1559039868251\",\"processing_label\":\"Processing\",\"container_class\":\"\",\"element_class\":\"\",\"wrap_styles_background-color\":\"\",\"wrap_styles_border\":\"\",\"wrap_styles_border-style\":\"\",\"wrap_styles_border-color\":\"\",\"wrap_styles_color\":\"\",\"wrap_styles_height\":\"\",\"wrap_styles_width\":\"\",\"wrap_styles_font-size\":\"\",\"wrap_styles_margin\":\"\",\"wrap_styles_padding\":\"\",\"wrap_styles_display\":\"\",\"wrap_styles_float\":\"\",\"wrap_styles_show_advanced_css\":0,\"wrap_styles_advanced\":\"\",\"label_styles_background-color\":\"\",\"label_styles_border\":\"\",\"label_styles_border-style\":\"\",\"label_styles_border-color\":\"\",\"label_styles_color\":\"\",\"label_styles_height\":\"\",\"label_styles_width\":\"\",\"label_styles_font-size\":\"\",\"label_styles_margin\":\"\",\"label_styles_padding\":\"\",\"label_styles_display\":\"\",\"label_styles_float\":\"\",\"label_styles_show_advanced_css\":0,\"label_styles_advanced\":\"\",\"element_styles_background-color\":\"\",\"element_styles_border\":\"\",\"element_styles_border-style\":\"\",\"element_styles_border-color\":\"\",\"element_styles_color\":\"\",\"element_styles_height\":\"\",\"element_styles_width\":\"\",\"element_styles_font-size\":\"\",\"element_styles_margin\":\"\",\"element_styles_padding\":\"\",\"element_styles_display\":\"\",\"element_styles_float\":\"\",\"element_styles_show_advanced_css\":0,\"element_styles_advanced\":\"\",\"submit_element_hover_styles_background-color\":\"\",\"submit_element_hover_styles_border\":\"\",\"submit_element_hover_styles_border-style\":\"\",\"submit_element_hover_styles_border-color\":\"\",\"submit_element_hover_styles_color\":\"\",\"submit_element_hover_styles_height\":\"\",\"submit_element_hover_styles_width\":\"\",\"submit_element_hover_styles_font-size\":\"\",\"submit_element_hover_styles_margin\":\"\",\"submit_element_hover_styles_padding\":\"\",\"submit_element_hover_styles_display\":\"\",\"submit_element_hover_styles_float\":\"\",\"submit_element_hover_styles_show_advanced_css\":0,\"submit_element_hover_styles_advanced\":\"\",\"cellcid\":\"c3287\",\"label\":\"Enviar\",\"key\":\"enviar_1559040038253\",\"type\":\"submit\",\"created_at\":\"2019-05-01 15:50:28\",\"drawerDisabled\":false,\"id\":28,\"beforeField\":\"\",\"afterField\":\"\",\"value\":\"\",\"label_pos\":\"above\",\"parentType\":\"textbox\",\"element_templates\":[\"submit\",\"button\",\"input\"],\"old_classname\":\"\",\"wrap_template\":\"wrap-no-label\"}];nfForms.push(form);<\/script>\n        [\/vc_column_inner][vc_column_inner width=&#8221;1\/3&#8243;][mk_contact_info title=&#8221;Cont\u00e1ctenos&#8221; phone=&#8221;+49 261 88 93 1-0&#8243; fax=&#8221;+49 261 88 93 1-25&#8243; email=&#8221;doma@doma-t.de&#8221; address=&#8221;Ernst-Abbe-Stra\u00dfe 12, 56070 Koblenz, Germany&#8221; company=&#8221;DOMA GmbH&#8221;][mk_padding_divider size=&#8221;20&#8243;][\/vc_column_inner][\/vc_row_inner][\/vc_column][\/mk_page_section]\n<\/div>","protected":false},"excerpt":{"rendered":"<p>[mk_page_section bg_image=&#8221;http:\/\/doma-t.de\/wp-content\/uploads\/2019\/05\/2342v3.jpg&#8221; bg_position=&#8221;center center&#8221; bg_stretch=&#8221;true&#8221; video_color_mask=&#8221;rgba(0,0,0,0.6)&#8221; video_opacity=&#8221;1&#8243; padding_top=&#8221;90&#8243; padding_bottom=&#8221;90&#8243; sidebar=&#8221;sidebar-1&#8243;][vc_column]&#8230;<\/p>\n","protected":false},"author":1,"featured_media":0,"parent":0,"menu_order":0,"comment_status":"closed","ping_status":"closed","template":"","meta":{"footnotes":"","_links_to":"","_links_to_target":""},"_links":{"self":[{"href":"https:\/\/doma-t.de\/es_ES\/wp-json\/wp\/v2\/pages\/115"}],"collection":[{"href":"https:\/\/doma-t.de\/es_ES\/wp-json\/wp\/v2\/pages"}],"about":[{"href":"https:\/\/doma-t.de\/es_ES\/wp-json\/wp\/v2\/types\/page"}],"author":[{"embeddable":true,"href":"https:\/\/doma-t.de\/es_ES\/wp-json\/wp\/v2\/users\/1"}],"replies":[{"embeddable":true,"href":"https:\/\/doma-t.de\/es_ES\/wp-json\/wp\/v2\/comments?post=115"}],"version-history":[{"count":129,"href":"https:\/\/doma-t.de\/es_ES\/wp-json\/wp\/v2\/pages\/115\/revisions"}],"predecessor-version":[{"id":265,"href":"https:\/\/doma-t.de\/es_ES\/wp-json\/wp\/v2\/pages\/115\/revisions\/265"}],"wp:attachment":[{"href":"https:\/\/doma-t.de\/es_ES\/wp-json\/wp\/v2\/media?parent=115"}],"curies":[{"name":"wp","href":"https:\/\/api.w.org\/{rel}","templated":true}]}}