{"id":49,"date":"2019-05-01T14:09:13","date_gmt":"2019-05-01T14:09:13","guid":{"rendered":"http:\/\/doma-t.de\/?page_id=49"},"modified":"2025-04-16T12:11:30","modified_gmt":"2025-04-16T12:11:30","slug":"kaseteilmaschinen","status":"publish","type":"page","link":"https:\/\/doma-t.de\/en_GB\/kaseteilmaschinen\/","title":{"rendered":"Cheese Cutting"},"content":{"rendered":"<div class=\"wpb-content-wrapper\">[mk_page_section bg_image=&#8221;https:\/\/doma-t.de\/wp-content\/uploads\/2022\/03\/36-teile-scaled.jpg&#8221; bg_position=&#8221;center center&#8221; video_color_mask=&#8221;rgba(0,0,0,0.6)&#8221; video_opacity=&#8221;1&#8243; padding_top=&#8221;150&#8243; padding_bottom=&#8221;150&#8243; el_class=&#8221;mobbg&#8221; sidebar=&#8221;sidebar-1&#8243;][vc_column][vc_column_text css=&#8221;.vc_custom_1557960806567{margin-bottom: 0px !important;}&#8221;]\n<h1 style=\"text-align: center; color: #fff; font-weight: 800; font-size: 60px;\">Cheese cutting machine<br \/>\nmodel KT 3 EMK<\/h1>\n[\/vc_column_text][vc_column_text css=&#8221;.vc_custom_1559032760780{margin-bottom: 0px !important;}&#8221;]\n<p style=\"text-align: center; color: #fff; font-size: 24px;\">Strong| Durable | Simple<\/p>\n[\/vc_column_text][mk_padding_divider size=&#8221;10&#8243;][vc_separator color=&#8221;custom&#8221; border_width=&#8221;2&#8243; el_width=&#8221;10&#8243; accent_color=&#8221;rgba(255,255,255,0.5)&#8221;][\/vc_column][\/mk_page_section][mk_page_section padding_top=&#8221;90&#8243; padding_bottom=&#8221;90&#8243; el_class=&#8221;mobbg2&#8243; sidebar=&#8221;sidebar-1&#8243;][vc_column width=&#8221;1\/2&#8243;][mk_image_slideshow images=&#8221;61,63,1037,1036,885,1040,1007&#8243; image_width=&#8221;555&#8243; image_height=&#8221;642&#8243; slideshow_speed=&#8221;1857&#8243;][mk_padding_divider size=&#8221;25&#8243;][vc_raw_html]JTNDaWZyYW1lJTIwd2lkdGglM0QlMjI1NTUlMjIlMjBoZWlnaHQlM0QlMjIzMTUlMjIlMjBzcmMlM0QlMjJodHRwcyUzQSUyRiUyRnd3dy55b3V0dWJlLW5vY29va2llLmNvbSUyRmVtYmVkJTJGTzhtQ3VUdE1VQ1UlMjIlMjB0aXRsZSUzRCUyMllvdVR1YmUlMjB2aWRlbyUyMHBsYXllciUyMiUyMGZyYW1lYm9yZGVyJTNEJTIyMCUyMiUyMGFsbG93JTNEJTIyYWNjZWxlcm9tZXRlciUzQiUyMGF1dG9wbGF5JTNCJTIwY2xpcGJvYXJkLXdyaXRlJTNCJTIwZW5jcnlwdGVkLW1lZGlhJTNCJTIwZ3lyb3Njb3BlJTNCJTIwcGljdHVyZS1pbi1waWN0dXJlJTIyJTIwYWxsb3dmdWxsc2NyZWVuJTNFJTNDJTJGaWZyYW1lJTNF[\/vc_raw_html][\/vc_column][vc_column width=&#8221;1\/2&#8243;][vc_column_text css=&#8221;.vc_custom_1557960844057{margin-bottom: 0px !important;}&#8221;]\n<h3 style=\"text-align: left; color: #222; font-size: 33px;\">Cheese cutting machine model KT 3 EMK<\/h3>\n[\/vc_column_text][vc_separator color=&#8221;custom&#8221; align=&#8221;align_left&#8221; border_width=&#8221;2&#8243; el_width=&#8221;10&#8243; accent_color=&#8221;#da251d&#8221;][vc_row_inner el_class=&#8221;listme&#8221;][vc_column_inner width=&#8221;1\/2&#8243;][vc_column_text css=&#8221;.vc_custom_1608128098084{margin-bottom: 0px !important;}&#8221;]\n<ul>\n<li>for cutting of whole cheese wheels into convenient, consumer-sized pieces without loss<\/li>\n<li>pieces for self-service and service counter<\/li>\n<li>easy and safe operation via pushbuttons<\/li>\n<li>powerful hydraulic drive<\/li>\n<li>patented working principle \u2013 smooth cutting without \u201ccrushing\u201d the cheese<\/li>\n<li>easy collection of the pieces &#8211; no obstructing cover<\/li>\n<\/ul>\n[\/vc_column_text][\/vc_column_inner][vc_column_inner width=&#8221;1\/2&#8243;][vc_column_text css=&#8221;.vc_custom_1608128163737{margin-bottom: 0px !important;}&#8221;]\n<ul>\n<li>easy disassembly of the contact surfaces for simple and hygienic cleaning<\/li>\n<li>special \u201cshark tooth\u201d knives with surface treatment to prevent sticking<\/li>\n<li>12 knife sets for different division of the cheese wheels available<\/li>\n<li>fast and safe conversion of the different knives<\/li>\n<li>special knives for soft cheeses available<\/li>\n<li>CE certificated<\/li>\n<li>fully bespoke handmade knives available<\/li>\n<\/ul>\n[\/vc_column_text][\/vc_column_inner][\/vc_row_inner][mk_padding_divider size=&#8221;25&#8243;][vc_row_inner attached=&#8221;true&#8221;][vc_column_inner width=&#8221;1\/2&#8243;][mk_button dimension=&#8221;flat&#8221; corner_style=&#8221;rounded&#8221; size=&#8221;medium&#8221; icon=&#8221;mk-moon-download-2&#8243; icon_anim=&#8221;vertical&#8221; url=&#8221;https:\/\/doma-t.de\/wp-content\/uploads\/2019\/10\/prospekt-kt3.pdf&#8221; target=&#8221;_blank&#8221; align=&#8221;center&#8221; bg_color=&#8221;#da251d&#8221; btn_hover_bg=&#8221;#212121&#8243; btn_hover_txt_color=&#8221;#ffffff&#8221;]DATA SHEET KT3[\/mk_button][\/vc_column_inner][vc_column_inner width=&#8221;1\/2&#8243;][mk_button dimension=&#8221;flat&#8221; corner_style=&#8221;rounded&#8221; size=&#8221;medium&#8221; icon=&#8221;mk-moon-download-2&#8243; icon_anim=&#8221;vertical&#8221; url=&#8221;https:\/\/www.doma-t.de\/assets\/doma-messer-tisch-kassetten-technik.pdf&#8221; target=&#8221;_blank&#8221; align=&#8221;center&#8221; bg_color=&#8221;#da251d&#8221; btn_hover_bg=&#8221;#212121&#8243; btn_hover_txt_color=&#8221;#ffffff&#8221;]BLADE-CASSETTES[\/mk_button][\/vc_column_inner][\/vc_row_inner][\/vc_column][\/mk_page_section][mk_page_section bg_image=&#8221;https:\/\/doma-t.de\/wp-content\/uploads\/2022\/11\/page_1-3-scaled.jpg&#8221; bg_position=&#8221;center center&#8221; video_color_mask=&#8221;rgba(0,0,0,0.6)&#8221; video_opacity=&#8221;1&#8243; padding_top=&#8221;150&#8243; padding_bottom=&#8221;150&#8243; el_class=&#8221;mobbg&#8221; sidebar=&#8221;sidebar-1&#8243;][vc_column][vc_column_text css=&#8221;.vc_custom_1557960997399{margin-bottom: 0px !important;}&#8221;]\n<h1 style=\"text-align: center; color: #fff; font-weight: 800; font-size: 60px;\">Cheese cutting machine<br \/>\nmodel GOUDAma-T<\/h1>\n[\/vc_column_text][vc_column_text css=&#8221;.vc_custom_1559032549532{margin-bottom: 0px !important;}&#8221;]\n<p style=\"text-align: center; color: #fff; font-size: 24px;\">Compact | Strong | Smooth<\/p>\n[\/vc_column_text][mk_padding_divider size=&#8221;10&#8243;][vc_separator color=&#8221;custom&#8221; border_width=&#8221;2&#8243; el_width=&#8221;10&#8243; accent_color=&#8221;rgba(255,255,255,0.5)&#8221;][\/vc_column][\/mk_page_section][mk_page_section padding_top=&#8221;90&#8243; padding_bottom=&#8221;90&#8243; el_class=&#8221;mobbg2&#8243; sidebar=&#8221;sidebar-1&#8243;][vc_column width=&#8221;1\/2&#8243;][mk_image_slideshow images=&#8221;989,991,990,992&#8243; image_width=&#8221;555&#8243; image_height=&#8221;689&#8243; slideshow_speed=&#8221;2000&#8243;][mk_padding_divider size=&#8221;25&#8243;][vc_raw_html]JTNDaWZyYW1lJTIwd2lkdGglM0QlMjI1NTUlMjIlMjBoZWlnaHQlM0QlMjIzMTUlMjIlMjBzcmMlM0QlMjJodHRwcyUzQSUyRiUyRnd3dy55b3V0dWJlLW5vY29va2llLmNvbSUyRmVtYmVkJTJGN0pEZWlQVko1bU0lMjIlMjB0aXRsZSUzRCUyMllvdVR1YmUlMjB2aWRlbyUyMHBsYXllciUyMiUyMGZyYW1lYm9yZGVyJTNEJTIyMCUyMiUyMGFsbG93JTNEJTIyYWNjZWxlcm9tZXRlciUzQiUyMGF1dG9wbGF5JTNCJTIwY2xpcGJvYXJkLXdyaXRlJTNCJTIwZW5jcnlwdGVkLW1lZGlhJTNCJTIwZ3lyb3Njb3BlJTNCJTIwcGljdHVyZS1pbi1waWN0dXJlJTIyJTIwYWxsb3dmdWxsc2NyZWVuJTNFJTNDJTJGaWZyYW1lJTNF[\/vc_raw_html][\/vc_column][vc_column width=&#8221;1\/2&#8243;][vc_column_text css=&#8221;.vc_custom_1557961011649{margin-bottom: 0px !important;}&#8221;]\n<h3 style=\"text-align: left; color: #222; font-size: 33px;\">Cheese cutting machine model GOUDAma-T<\/h3>\n[\/vc_column_text][vc_separator color=&#8221;custom&#8221; align=&#8221;align_left&#8221; border_width=&#8221;2&#8243; el_width=&#8221;10&#8243; accent_color=&#8221;#da251d&#8221;][vc_row_inner el_class=&#8221;listme&#8221;][vc_column_inner width=&#8221;1\/2&#8243;][vc_column_text css=&#8221;.vc_custom_1557961038159{margin-bottom: 0px !important;}&#8221;]\n<ul>\n<li>for cutting of whole cheese wheels into convenient, consumer-sized pieces without loss<\/li>\n<li>space-saving, compact construction for service counter or cheese department<\/li>\n<li>pieces for self-service and service counter<\/li>\n<li>easy and safe operation via pushbuttons<\/li>\n<li>Power supply: 230 volt<\/li>\n<li>powerful hydraulic drive<\/li>\n<\/ul>\n[\/vc_column_text][\/vc_column_inner][vc_column_inner width=&#8221;1\/2&#8243;][vc_column_text css=&#8221;.vc_custom_1608128417129{margin-bottom: 0px !important;}&#8221;]\n<ul>\n<li>patented working principle \u2013 smooth cutting without \u201ccrushing\u201d the cheese<\/li>\n<li>easy disassembly of the contact surfaces for simple and hygienic cleaning<\/li>\n<li>simple and hygienic cleaning by easy disassembly of the contact surfaces<\/li>\n<li>special \u201cshark tooth\u201d knives with surface treatment to prevent sticking<\/li>\n<li>7 knife sets for different division of the cheese wheels available<\/li>\n<li>fast and safe conversion of the different knives<\/li>\n<li>CE certificated<\/li>\n<\/ul>\n[\/vc_column_text][\/vc_column_inner][\/vc_row_inner][mk_padding_divider size=&#8221;25&#8243;][mk_button dimension=&#8221;flat&#8221; corner_style=&#8221;rounded&#8221; size=&#8221;medium&#8221; icon=&#8221;mk-moon-download-2&#8243; icon_anim=&#8221;vertical&#8221; url=&#8221;https:\/\/doma-t.de\/wp-content\/uploads\/2019\/10\/goudama-t-flyer-vorderseite.pdf&#8221; target=&#8221;_blank&#8221; bg_color=&#8221;#da251d&#8221; btn_hover_bg=&#8221;#212121&#8243; btn_hover_txt_color=&#8221;#ffffff&#8221;]DATA SHEET GOUDAMA-T[\/mk_button][\/vc_column][\/mk_page_section][mk_page_section bg_image=&#8221;https:\/\/doma-t.de\/wp-content\/uploads\/2022\/11\/page_6-1-scaled.jpg&#8221; bg_position=&#8221;center center&#8221; video_color_mask=&#8221;rgba(0,0,0,0.6)&#8221; video_opacity=&#8221;1&#8243; padding_top=&#8221;150&#8243; padding_bottom=&#8221;150&#8243; el_class=&#8221;mobbg&#8221; sidebar=&#8221;sidebar-1&#8243;][vc_column][vc_column_text css=&#8221;.vc_custom_1608115744340{margin-bottom: 0px !important;}&#8221;]\n<h1 style=\"text-align: center; color: #fff; font-weight: 800; font-size: 60px;\">Hard Cheese Cutting Machine<br \/>\nModel HKT<\/h1>\n[\/vc_column_text][vc_column_text css=&#8221;.vc_custom_1559032160051{margin-bottom: 0px !important;}&#8221;]\n<p style=\"text-align: center; color: #fff; font-size: 24px;\">Specially designed for hard cheese<\/p>\n[\/vc_column_text][mk_padding_divider size=&#8221;10&#8243;][vc_separator color=&#8221;custom&#8221; border_width=&#8221;2&#8243; el_width=&#8221;10&#8243; accent_color=&#8221;rgba(255,255,255,0.5)&#8221;][\/vc_column][\/mk_page_section][mk_page_section padding_top=&#8221;90&#8243; padding_bottom=&#8221;90&#8243; el_class=&#8221;mobbg2&#8243; sidebar=&#8221;sidebar-1&#8243;][vc_column width=&#8221;1\/2&#8243;][mk_image_slideshow images=&#8221;149,1017,1015,1016,1018&#8243; image_width=&#8221;555&#8243; image_height=&#8221;472&#8243; slideshow_speed=&#8221;2000&#8243;][mk_padding_divider size=&#8221;25&#8243;][vc_raw_html]JTNDaWZyYW1lJTIwd2lkdGglM0QlMjI1NTUlMjIlMjBoZWlnaHQlM0QlMjIzMTUlMjIlMjBzcmMlM0QlMjJodHRwcyUzQSUyRiUyRnd3dy55b3V0dWJlLW5vY29va2llLmNvbSUyRmVtYmVkJTJGRDJKdjlLYWx0MkUlMjIlMjB0aXRsZSUzRCUyMllvdVR1YmUlMjB2aWRlbyUyMHBsYXllciUyMiUyMGZyYW1lYm9yZGVyJTNEJTIyMCUyMiUyMGFsbG93JTNEJTIyYWNjZWxlcm9tZXRlciUzQiUyMGF1dG9wbGF5JTNCJTIwY2xpcGJvYXJkLXdyaXRlJTNCJTIwZW5jcnlwdGVkLW1lZGlhJTNCJTIwZ3lyb3Njb3BlJTNCJTIwcGljdHVyZS1pbi1waWN0dXJlJTIyJTIwYWxsb3dmdWxsc2NyZWVuJTNFJTNDJTJGaWZyYW1lJTNF[\/vc_raw_html][\/vc_column][vc_column width=&#8221;1\/2&#8243;][vc_column_text css=&#8221;.vc_custom_1700122546298{margin-bottom: 0px !important;}&#8221;]\n<h3 style=\"text-align: left; color: #222; font-size: 33px;\">Manual Hard Cheese Cutter Model HKT<\/h3>\n[\/vc_column_text][vc_separator color=&#8221;custom&#8221; align=&#8221;align_left&#8221; border_width=&#8221;2&#8243; el_width=&#8221;10&#8243; accent_color=&#8221;#da251d&#8221;][vc_row_inner el_class=&#8221;listme&#8221;][vc_column_inner width=&#8221;1\/2&#8243;][vc_column_text css=&#8221;.vc_custom_1558478065171{margin-bottom: 0px !important;}&#8221;]\n<ul>\n<li>Universal device suitable for cutting very hard cheeses<\/li>\n<li>Blade made of special steel<\/li>\n<li>The HKT does not require any power and can therefore be used almost everywhere<\/li>\n<\/ul>\n[\/vc_column_text][\/vc_column_inner][vc_column_inner width=&#8221;1\/2&#8243;][vc_column_text css=&#8221;.vc_custom_1558478085233{margin-bottom: 0px !important;}&#8221;]\n<ul>\n<li>Three-part winder with gearbox for the necessary power transmission<\/li>\n<li>The special design allows easy cleaning<\/li>\n<li>Rotatable plate optionally available<\/li>\n<\/ul>\n[\/vc_column_text][\/vc_column_inner][\/vc_row_inner][mk_padding_divider size=&#8221;25&#8243;][mk_button dimension=&#8221;flat&#8221; corner_style=&#8221;rounded&#8221; size=&#8221;medium&#8221; icon=&#8221;mk-moon-download-2&#8243; icon_anim=&#8221;vertical&#8221; url=&#8221;http:\/\/doma-t.de\/wp-content\/uploads\/2019\/05\/doma-hkt.pdf&#8221; target=&#8221;_blank&#8221; bg_color=&#8221;#da251d&#8221; btn_hover_bg=&#8221;#212121&#8243; btn_hover_txt_color=&#8221;#ffffff&#8221;]DATA SHEET HKT[\/mk_button][\/vc_column][\/mk_page_section][mk_page_section bg_image=&#8221;https:\/\/doma-t.de\/wp-content\/uploads\/2022\/11\/178.jpg&#8221; bg_position=&#8221;center center&#8221; video_color_mask=&#8221;rgba(0,0,0,0.6)&#8221; video_opacity=&#8221;1&#8243; padding_top=&#8221;150&#8243; padding_bottom=&#8221;150&#8243; el_class=&#8221;mobbg&#8221; sidebar=&#8221;sidebar-1&#8243;][vc_column][vc_column_text css=&#8221;.vc_custom_1559032219120{margin-bottom: 0px !important;}&#8221;]\n<h1 style=\"text-align: center; color: #fff; font-weight: 800; font-size: 60px;\">Cheese Cutting Machine Model KT3i<\/h1>\n[\/vc_column_text][vc_column_text css=&#8221;.vc_custom_1559032415921{margin-bottom: 0px !important;}&#8221;][\/vc_column_text][mk_padding_divider size=&#8221;10&#8243;][vc_separator color=&#8221;custom&#8221; border_width=&#8221;2&#8243; el_width=&#8221;10&#8243; accent_color=&#8221;rgba(255,255,255,0.5)&#8221;][\/vc_column][\/mk_page_section][mk_page_section padding_top=&#8221;90&#8243; padding_bottom=&#8221;90&#8243; el_class=&#8221;mobbg2&#8243; sidebar=&#8221;sidebar-1&#8243;][vc_column width=&#8221;1\/2&#8243;][mk_image_slideshow images=&#8221;151,150&#8243; image_width=&#8221;555&#8243; image_height=&#8221;673&#8243; slideshow_speed=&#8221;2000&#8243;][\/vc_column][vc_column width=&#8221;1\/2&#8243;][vc_column_text css=&#8221;.vc_custom_1559032201964{margin-bottom: 0px !important;}&#8221;]\n<h3 style=\"text-align: left; color: #222; font-size: 33px;\">Cheese Cutting Machine Model KT3i<\/h3>\n[\/vc_column_text][vc_separator color=&#8221;custom&#8221; align=&#8221;align_left&#8221; border_width=&#8221;2&#8243; el_width=&#8221;10&#8243; accent_color=&#8221;#da251d&#8221;][vc_row_inner el_class=&#8221;listme&#8221;][vc_column_inner width=&#8221;1\/2&#8243;][vc_column_text css=&#8221;.vc_custom_1556721370710{margin-bottom: 0px !important;}&#8221;]\n<ul>\n<li>K\u00e4seteilmaschine zum verlustfreien Teilen von K\u00e4selaiben aller Art in verbrauchergerechte St\u00fccke f\u00fcr SB- oder Bedienungstheke<\/li>\n<li>Platzsparende, kompakte Konstruktion f\u00fcr K\u00e4seabteilung und Bedientheke<\/li>\n<li>Betrieb mit 230 Volt-Anschluss<\/li>\n<li>Einfache, sichere Bedienung per Druckschalter<\/li>\n<li>Leistungsstarker hydraulischer Antrieb<\/li>\n<li>Patentiertes Arbeitsprinzip \u2013 schonende Teilung des K\u00e4ses ohne \u201eZerdr\u00fccken\u201c<\/li>\n<\/ul>\n[\/vc_column_text][\/vc_column_inner][vc_column_inner width=&#8221;1\/2&#8243;][vc_column_text css=&#8221;.vc_custom_1564996029581{margin-bottom: 0px !important;}&#8221;]\n<ul>\n<li>Leichte und hygienische Reinigung durch simple Demontage der Kontaktfl\u00e4chen<\/li>\n<li>Spezielles Haifischzahnmesser mit Oberfl\u00e4chenbehandlung gegen Verkleben<\/li>\n<li>7 Messertisch-Kassetten zur unterschiedlichen Teilung der K\u00e4selaibe erh\u00e4ltlich<\/li>\n<li>Schnelle und sichere Umr\u00fcstung der verschiedenen Messer<\/li>\n<li>CE-Konforme Ausf\u00fchrung<\/li>\n<li>Bequemes Abr\u00e4umen der St\u00fccke, keine st\u00f6rende Haube o.\u00e4.<\/li>\n<\/ul>\n[\/vc_column_text][\/vc_column_inner][\/vc_row_inner][mk_padding_divider size=&#8221;25&#8243;][\/vc_column][\/mk_page_section][mk_page_section bg_image=&#8221;http:\/\/doma-t.de\/wp-content\/uploads\/2019\/05\/2342v3.jpg&#8221; bg_position=&#8221;center center&#8221; bg_stretch=&#8221;true&#8221; video_color_mask=&#8221;rgba(218,37,29,0.95)&#8221; video_opacity=&#8221;1&#8243; padding_top=&#8221;70&#8243; padding_bottom=&#8221;70&#8243; sidebar=&#8221;sidebar-1&#8243;][vc_column][vc_column_text css=&#8221;.vc_custom_1557961093397{margin-bottom: 0px !important;}&#8221;]\n<h2 style=\"text-align: center; color: #fff; font-size: 55px;\">Request a quote<\/h2>\n[\/vc_column_text][vc_separator color=&#8221;custom&#8221; border_width=&#8221;2&#8243; el_width=&#8221;10&#8243; accent_color=&#8221;rgba(255,255,255,0.43)&#8221;][mk_button dimension=&#8221;outline&#8221; corner_style=&#8221;rounded&#8221; size=&#8221;large&#8221; url=&#8221;http:\/\/doma-t.de\/kontakt&#8221; align=&#8221;center&#8221; outline_skin=&#8221;light&#8221;]CONTACT US[\/mk_button][\/vc_column][\/mk_page_section]\n<\/div>","protected":false},"excerpt":{"rendered":"<p>[mk_page_section bg_image=&#8221;https:\/\/doma-t.de\/wp-content\/uploads\/2022\/03\/36-teile-scaled.jpg&#8221; bg_position=&#8221;center center&#8221; video_color_mask=&#8221;rgba(0,0,0,0.6)&#8221; video_opacity=&#8221;1&#8243; padding_top=&#8221;150&#8243; padding_bottom=&#8221;150&#8243; el_class=&#8221;mobbg&#8221; sidebar=&#8221;sidebar-1&#8243;]&#8230;<\/p>\n","protected":false},"author":1,"featured_media":0,"parent":0,"menu_order":0,"comment_status":"closed","ping_status":"closed","template":"","meta":{"footnotes":"","_links_to":"","_links_to_target":""},"_links":{"self":[{"href":"https:\/\/doma-t.de\/en_GB\/wp-json\/wp\/v2\/pages\/49"}],"collection":[{"href":"https:\/\/doma-t.de\/en_GB\/wp-json\/wp\/v2\/pages"}],"about":[{"href":"https:\/\/doma-t.de\/en_GB\/wp-json\/wp\/v2\/types\/page"}],"author":[{"embeddable":true,"href":"https:\/\/doma-t.de\/en_GB\/wp-json\/wp\/v2\/users\/1"}],"replies":[{"embeddable":true,"href":"https:\/\/doma-t.de\/en_GB\/wp-json\/wp\/v2\/comments?post=49"}],"version-history":[{"count":192,"href":"https:\/\/doma-t.de\/en_GB\/wp-json\/wp\/v2\/pages\/49\/revisions"}],"predecessor-version":[{"id":1574,"href":"https:\/\/doma-t.de\/en_GB\/wp-json\/wp\/v2\/pages\/49\/revisions\/1574"}],"wp:attachment":[{"href":"https:\/\/doma-t.de\/en_GB\/wp-json\/wp\/v2\/media?parent=49"}],"curies":[{"name":"wp","href":"https:\/\/api.w.org\/{rel}","templated":true}]}}